{"id":1195,"date":"2015-12-02T19:34:17","date_gmt":"2015-12-02T18:34:17","guid":{"rendered":"https:\/\/www.gioielleriaresia.it\/home"},"modified":"2024-04-20T13:24:50","modified_gmt":"2024-04-20T11:24:50","slug":"home","status":"publish","type":"page","link":"https:\/\/www.gioielleriaresia.it\/de","title":{"rendered":"Home"},"content":{"rendered":"<p><div class=\"fusion-fullwidth fullwidth-box fusion-builder-row-1 fusion-flex-container has-pattern-background has-mask-background nonhundred-percent-fullwidth non-hundred-percent-height-scrolling\" style=\"--awb-border-radius-top-left:0px;--awb-border-radius-top-right:0px;--awb-border-radius-bottom-right:0px;--awb-border-radius-bottom-left:0px;--awb-flex-wrap:wrap;\" ><div class=\"fusion-builder-row fusion-row fusion-flex-align-items-center fusion-flex-content-wrap\" style=\"max-width:calc( 1300px + 0px );margin-left: calc(-0px \/ 2 );margin-right: calc(-0px \/ 2 );\"><div class=\"fusion-layout-column fusion_builder_column fusion-builder-column-0 fusion_builder_column_1_1 1_1 fusion-flex-column fusion-flex-align-self-center fusion-animated\" style=\"--awb-padding-top:100px;--awb-padding-bottom:100px;--awb-bg-size:cover;--awb-width-large:100%;--awb-margin-top-large:15px;--awb-spacing-right-large:0px;--awb-margin-bottom-large:15px;--awb-spacing-left-large:0px;--awb-width-medium:100%;--awb-order-medium:0;--awb-spacing-right-medium:0px;--awb-spacing-left-medium:0px;--awb-width-small:100%;--awb-order-small:0;--awb-spacing-right-small:0px;--awb-spacing-left-small:0px;\" data-animationType=\"slideInUp\" data-animationDuration=\"3.0\" data-animationOffset=\"top-into-view\" data-motion-effects=\"[{&quot;type&quot;:&quot;&quot;,&quot;scroll_type&quot;:&quot;transition&quot;,&quot;scroll_direction&quot;:&quot;up&quot;,&quot;transition_speed&quot;:&quot;1&quot;,&quot;fade_type&quot;:&quot;in&quot;,&quot;scale_type&quot;:&quot;up&quot;,&quot;initial_scale&quot;:&quot;1&quot;,&quot;max_scale&quot;:&quot;1.5&quot;,&quot;min_scale&quot;:&quot;0.5&quot;,&quot;initial_rotate&quot;:&quot;0&quot;,&quot;end_rotate&quot;:&quot;30&quot;,&quot;initial_blur&quot;:&quot;0&quot;,&quot;end_blur&quot;:&quot;3&quot;,&quot;start_element&quot;:&quot;top&quot;,&quot;start_viewport&quot;:&quot;bottom&quot;,&quot;end_element&quot;:&quot;bottom&quot;,&quot;end_viewport&quot;:&quot;top&quot;,&quot;mouse_effect&quot;:&quot;track&quot;,&quot;mouse_effect_direction&quot;:&quot;opposite&quot;,&quot;mouse_effect_speed&quot;:&quot;2&quot;,&quot;infinite_animation&quot;:&quot;float&quot;,&quot;infinite_animation_speed&quot;:&quot;2&quot;}]\" data-scroll-devices=\"small-visibility,medium-visibility,large-visibility\"><div class=\"fusion-column-wrapper fusion-column-has-shadow fusion-flex-justify-content-center fusion-content-layout-column\"><div class=\"fusion-text fusion-text-1\" style=\"--awb-text-color:#efefef;\"><div class=\"flex flex-grow flex-col max-w-full\">\n<div class=\"min-h-&#091;20px&#093; text-message flex flex-col items-start gap-3 whitespace-pre-wrap break-words &#091;.text-message+&amp;&#093;:mt-5 overflow-x-auto\" dir=\"auto\" data-message-author-role=\"assistant\" data-message-id=\"0f839c44-0f99-40b5-bd33-9a423c6ed8d9\">\n<div class=\"markdown prose w-full break-words dark:prose-invert light\">\n<p style=\"text-align: center;\">Die Aktivit\u00e4t entstand im Jahr 1964 zusammen mit dem Geb\u00e4ude, in dem sie immer noch ihren Sitz hat. Sp\u00e4ter, im September 1993, wurde sie von den aktuellen Eigent\u00fcmern \u00fcbernommen.<\/p>\n<p style=\"text-align: center;\">Juwelier Resia f\u00fcgt sich in ein besonderes soziales und wirtschaftliches Gef\u00fcge ein, das eines der belebtesten und beliebtesten Viertels ist. Dank der Vielfalt der Kundschaft, die von modischen jungen M\u00e4dchen bis zu Rentnerinnen reicht, hat sich das Angebot im Laufe der Jahre erweitert und ver\u00e4ndert. Tats\u00e4chlich gibt es klassische und moderne Schmuckst\u00fccke aus Gold, Silber und Stahl; sportliche und elegante Uhren sowie viele Geschenkartikel wie Geldb\u00f6rsen, Schl\u00fcsselanh\u00e4nger, Bilderrahmen usw.<\/p>\n<\/div>\n<\/div>\n<\/div>\n<\/div><\/div><\/div><\/div><\/div><div class=\"fusion-fullwidth fullwidth-box fusion-builder-row-2 fusion-flex-container hundred-percent-fullwidth non-hundred-percent-height-scrolling\" style=\"--awb-border-radius-top-left:0px;--awb-border-radius-top-right:0px;--awb-border-radius-bottom-right:0px;--awb-border-radius-bottom-left:0px;--awb-overflow:visible;--awb-flex-wrap:wrap;\" ><div class=\"fusion-builder-row fusion-row fusion-flex-align-items-flex-start fusion-flex-content-wrap\" style=\"width:calc( 100% + 0px ) !important;max-width:calc( 100% + 0px ) !important;margin-left: calc(-0px \/ 2 );margin-right: calc(-0px \/ 2 );\"><div class=\"fusion-layout-column fusion_builder_column fusion-builder-column-1 fusion_builder_column_1_3 1_3 fusion-flex-column fusion-flex-align-self-stretch fusion-column-inner-bg-wrapper fusion-column-hover-type-liftup fusion-column-liftup-border fusion-animated\" style=\"--awb-padding-top:40px;--awb-padding-right:30px;--awb-padding-bottom:40px;--awb-padding-left:30px;--awb-inner-bg-image:linear-gradient(180deg, rgba(0,0,0,0.79) 0%,rgba(0,0,0,0.86) 100%);;--awb-inner-bg-blend:soft-light;--awb-inner-bg-size:cover;--awb-width-large:33.333333333333%;--awb-margin-top-large:15px;--awb-spacing-right-large:0px;--awb-margin-bottom-large:15px;--awb-spacing-left-large:0px;--awb-width-medium:100%;--awb-order-medium:0;--awb-spacing-right-medium:0px;--awb-spacing-left-medium:0px;--awb-width-small:100%;--awb-order-small:0;--awb-spacing-right-small:0px;--awb-spacing-left-small:0px;\" data-animationType=\"slideInUp\" data-animationDuration=\"3.5\" data-animationOffset=\"top-into-view\" data-motion-effects=\"[]\" data-scroll-devices=\"small-visibility,medium-visibility,large-visibility\"><span class=\"fusion-column-inner-bg hover-type-liftup\"><span class=\"fusion-column-anchor\"><span class=\"fusion-column-inner-bg-image lazyload\" data-bg=\"https:\/\/gioielleriaresia.it\/wp-content\/uploads\/box-home-gioielleria-resia-bolzano-orologi-anelli-matrimonio-fidanzamento-collane-compro-oro-argento-alto-adige-migliori-prezzi-online.jpg\" data-bg-gradient=\"linear-gradient(180deg, rgba(0,0,0,0.79) 0%,rgba(0,0,0,0.86) 100%)\"><\/span><\/span><\/span><div class=\"fusion-column-wrapper fusion-flex-justify-content-flex-start fusion-content-layout-column fusion-column-has-bg-image\" data-bg-url=\"https:\/\/gioielleriaresia.it\/wp-content\/uploads\/box-home-gioielleria-resia-bolzano-orologi-anelli-matrimonio-fidanzamento-collane-compro-oro-argento-alto-adige-migliori-prezzi-online.jpg\"><div class=\"fusion-text fusion-text-2\" style=\"--awb-font-size:22px;--awb-text-transform:uppercase;--awb-text-color:#ffffff;--awb-text-font-family:&quot;Gowun Dodum&quot;;--awb-text-font-style:normal;--awb-text-font-weight:400;\"><p style=\"text-align: center;\"><strong>Qualit\u00e4t<\/strong><\/p>\n<\/div><div class=\"fusion-separator\" style=\"align-self: center;margin-left: auto;margin-right: auto;margin-top:10px;margin-bottom:20px;width:100%;max-width:60px;\"><div class=\"fusion-separator-border sep-single sep-solid\" style=\"--awb-height:20px;--awb-amount:20px;--awb-sep-color:#a07949;border-color:#a07949;border-top-width:2px;\"><\/div><\/div><div class=\"fusion-text fusion-text-3\" style=\"--awb-text-color:#ffffff;\"><p style=\"text-align: center;\">Unser Engagement f\u00fcr Ihre Zufriedenheit erstreckt sich bis ins Detail.<\/p>\n<p style=\"text-align: center;\">Wir w\u00e4hlen seit \u00fcber drei\u00dfig Jahren die besten Artikel verschiedener Marken und Hersteller aus.<\/p>\n<p style=\"text-align: center;\">Wir sind st\u00e4ndig auf der Suche nach hoher Qualit\u00e4t.<\/p>\n<\/div><\/div><\/div><div class=\"fusion-layout-column fusion_builder_column fusion-builder-column-2 fusion_builder_column_1_3 1_3 fusion-flex-column fusion-flex-align-self-stretch fusion-column-inner-bg-wrapper fusion-column-hover-type-liftup fusion-column-liftup-border fusion-animated\" style=\"--awb-padding-top:40px;--awb-padding-right:30px;--awb-padding-bottom:40px;--awb-padding-left:30px;--awb-inner-bg-image:linear-gradient(180deg, rgba(255,255,255,0.5) 0%,rgba(255,255,255,0.5) 100%);;--awb-inner-bg-blend:soft-light;--awb-inner-bg-size:cover;--awb-width-large:33.333333333333%;--awb-margin-top-large:15px;--awb-spacing-right-large:0px;--awb-margin-bottom-large:15px;--awb-spacing-left-large:0px;--awb-width-medium:100%;--awb-order-medium:0;--awb-spacing-right-medium:0px;--awb-spacing-left-medium:0px;--awb-width-small:100%;--awb-order-small:0;--awb-spacing-right-small:0px;--awb-spacing-left-small:0px;\" data-animationType=\"slideInUp\" data-animationDuration=\"4.5\" data-animationOffset=\"top-into-view\" data-motion-effects=\"[]\" data-scroll-devices=\"small-visibility,medium-visibility,large-visibility\"><span class=\"fusion-column-inner-bg hover-type-liftup\"><span class=\"fusion-column-anchor\"><span class=\"fusion-column-inner-bg-image lazyload\" data-bg=\"https:\/\/gioielleriaresia.it\/wp-content\/uploads\/box-home-gioielleria-resia-bolzano-orologi-anelli-matrimonio-fidanzamento-collane-compro-oro-argento-alto-adige-migliori-prezzi-online3.jpg\" data-bg-gradient=\"linear-gradient(180deg, rgba(255,255,255,0.5) 0%,rgba(255,255,255,0.5) 100%)\"><\/span><\/span><\/span><div class=\"fusion-column-wrapper fusion-flex-justify-content-flex-start fusion-content-layout-column fusion-column-has-bg-image\" data-bg-url=\"https:\/\/gioielleriaresia.it\/wp-content\/uploads\/box-home-gioielleria-resia-bolzano-orologi-anelli-matrimonio-fidanzamento-collane-compro-oro-argento-alto-adige-migliori-prezzi-online3.jpg\"><div class=\"fusion-text fusion-text-4\" style=\"--awb-font-size:22px;--awb-text-transform:uppercase;--awb-text-color:var(--awb-color8);--awb-text-font-family:&quot;Gowun Dodum&quot;;--awb-text-font-style:normal;--awb-text-font-weight:400;\"><p style=\"text-align: center;\"><strong>Professionalit\u00e4t<\/strong><\/p>\n<\/div><div class=\"fusion-separator\" style=\"align-self: center;margin-left: auto;margin-right: auto;margin-top:10px;margin-bottom:20px;width:100%;max-width:60px;\"><div class=\"fusion-separator-border sep-single sep-solid\" style=\"--awb-height:20px;--awb-amount:20px;--awb-sep-color:#a07949;border-color:#a07949;border-top-width:2px;\"><\/div><\/div><div class=\"fusion-text fusion-text-5\" style=\"--awb-text-color:#000000;\"><p style=\"text-align: center;\">Mit einem auf Professionalit\u00e4t basierenden Ansatz widmen wir uns der Bereitstellung eines umfassenden Erlebnisses. Wir begleiten unsere Kunden mit einer sorgf\u00e4ltigen Beratung bei der Suche und dem Kauf unserer Produkte.<\/p>\n<\/div><\/div><\/div><div class=\"fusion-layout-column fusion_builder_column fusion-builder-column-3 fusion_builder_column_1_3 1_3 fusion-flex-column fusion-flex-align-self-stretch fusion-column-inner-bg-wrapper fusion-column-hover-type-liftup fusion-column-liftup-border fusion-animated\" style=\"--awb-padding-top:40px;--awb-padding-right:30px;--awb-padding-bottom:40px;--awb-padding-left:30px;--awb-inner-bg-image:linear-gradient(180deg, rgba(0,0,0,0.5) 0%,rgba(0,0,0,0.5) 100%);;--awb-inner-bg-blend:soft-light;--awb-inner-bg-size:cover;--awb-width-large:33.333333333333%;--awb-margin-top-large:15px;--awb-spacing-right-large:0px;--awb-margin-bottom-large:15px;--awb-spacing-left-large:0px;--awb-width-medium:100%;--awb-order-medium:0;--awb-spacing-right-medium:0px;--awb-spacing-left-medium:0px;--awb-width-small:100%;--awb-order-small:0;--awb-spacing-right-small:0px;--awb-spacing-left-small:0px;\" data-animationType=\"slideInUp\" data-animationDuration=\"4.0\" data-animationOffset=\"top-into-view\" data-motion-effects=\"[]\" data-scroll-devices=\"small-visibility,medium-visibility,large-visibility\"><span class=\"fusion-column-inner-bg hover-type-liftup\"><span class=\"fusion-column-anchor\"><span class=\"fusion-column-inner-bg-image lazyload\" data-bg=\"https:\/\/gioielleriaresia.it\/wp-content\/uploads\/box-home-gioielleria-resia-bolzano-orologi-anelli-matrimonio-fidanzamento-collane-compro-oro-argento-alto-adige-migliori-prezzi-online2.jpg\" data-bg-gradient=\"linear-gradient(180deg, rgba(0,0,0,0.5) 0%,rgba(0,0,0,0.5) 100%)\"><\/span><\/span><\/span><div class=\"fusion-column-wrapper fusion-flex-justify-content-flex-start fusion-content-layout-column fusion-column-has-bg-image\" data-bg-url=\"https:\/\/gioielleriaresia.it\/wp-content\/uploads\/box-home-gioielleria-resia-bolzano-orologi-anelli-matrimonio-fidanzamento-collane-compro-oro-argento-alto-adige-migliori-prezzi-online2.jpg\"><div class=\"fusion-text fusion-text-6\" style=\"--awb-font-size:22px;--awb-text-transform:uppercase;--awb-text-font-family:&quot;Gowun Dodum&quot;;--awb-text-font-style:normal;--awb-text-font-weight:400;\"><p style=\"text-align: center;\"><strong>Unterst\u00fctzung<\/strong><\/p>\n<\/div><div class=\"fusion-separator\" style=\"align-self: center;margin-left: auto;margin-right: auto;margin-top:10px;margin-bottom:20px;width:100%;max-width:60px;\"><div class=\"fusion-separator-border sep-single sep-solid\" style=\"--awb-height:20px;--awb-amount:20px;--awb-sep-color:#a07949;border-color:#a07949;border-top-width:2px;\"><\/div><\/div><div class=\"fusion-text fusion-text-7\"><p style=\"text-align: center;\">Wir bieten spezialisierte Dienstleistungen f\u00fcr Uhren an, die technische Unterst\u00fctzung, Batteriewechsel und eine breite Auswahl an Armb\u00e4ndern umfassen.<\/p>\n<p style=\"text-align: center;\">Wir f\u00fchren Goldschmiedearbeiten, Perlenschn\u00fcren und Gravuren durch.<\/p>\n<\/div><\/div><\/div><\/div><\/div><\/p>\n","protected":false},"excerpt":{"rendered":"","protected":false},"author":1,"featured_media":0,"parent":0,"menu_order":0,"comment_status":"closed","ping_status":"closed","template":"100-width.php","meta":{"footnotes":""},"_links":{"self":[{"href":"https:\/\/www.gioielleriaresia.it\/de\/wp-json\/wp\/v2\/pages\/1195"}],"collection":[{"href":"https:\/\/www.gioielleriaresia.it\/de\/wp-json\/wp\/v2\/pages"}],"about":[{"href":"https:\/\/www.gioielleriaresia.it\/de\/wp-json\/wp\/v2\/types\/page"}],"author":[{"embeddable":true,"href":"https:\/\/www.gioielleriaresia.it\/de\/wp-json\/wp\/v2\/users\/1"}],"replies":[{"embeddable":true,"href":"https:\/\/www.gioielleriaresia.it\/de\/wp-json\/wp\/v2\/comments?post=1195"}],"version-history":[{"count":4,"href":"https:\/\/www.gioielleriaresia.it\/de\/wp-json\/wp\/v2\/pages\/1195\/revisions"}],"predecessor-version":[{"id":1217,"href":"https:\/\/www.gioielleriaresia.it\/de\/wp-json\/wp\/v2\/pages\/1195\/revisions\/1217"}],"wp:attachment":[{"href":"https:\/\/www.gioielleriaresia.it\/de\/wp-json\/wp\/v2\/media?parent=1195"}],"curies":[{"name":"wp","href":"https:\/\/api.w.org\/{rel}","templated":true}]}}